{"id":7270,"date":"2023-04-03T15:22:26","date_gmt":"2023-04-03T15:22:26","guid":{"rendered":"https:\/\/nomads.az.pt\/blog-dos-nomadas\/"},"modified":"2023-04-03T15:22:26","modified_gmt":"2023-04-03T15:22:26","slug":"blog-dos-nomadas","status":"publish","type":"page","link":"https:\/\/nomads.az.pt\/pt-pt\/blog-dos-nomadas\/","title":{"rendered":"Blog dos N\u00f3madas"},"content":{"rendered":"\t\t<div data-elementor-type=\"wp-page\" data-elementor-id=\"7270\" class=\"elementor elementor-7270 elementor-3965\" data-elementor-post-type=\"page\">\n\t\t\t\t\t\t<section class=\"elementor-section elementor-top-section elementor-element elementor-element-50dbe926 elementor-section-height-min-height elementor-section-content-middle elementor-section-boxed elementor-section-height-default elementor-section-items-middle\" data-id=\"50dbe926\" data-element_type=\"section\" data-e-type=\"section\" data-settings=\"{&quot;background_background&quot;:&quot;classic&quot;}\">\n\t\t\t\t\t\t\t<div class=\"elementor-background-overlay\"><\/div>\n\t\t\t\t\t\t\t<div class=\"elementor-container elementor-column-gap-default\">\n\t\t\t\t\t<div class=\"elementor-column elementor-col-100 elementor-top-column elementor-element elementor-element-22008171\" data-id=\"22008171\" data-element_type=\"column\" data-e-type=\"column\">\n\t\t\t<div class=\"elementor-widget-wrap elementor-element-populated\">\n\t\t\t\t\t\t<div class=\"elementor-element elementor-element-5169d43c elementor-widget elementor-widget-heading\" data-id=\"5169d43c\" data-element_type=\"widget\" data-e-type=\"widget\" data-widget_type=\"heading.default\">\n\t\t\t\t<div class=\"elementor-widget-container\">\n\t\t\t\t\t<h2 class=\"elementor-heading-title elementor-size-default\">Blog<\/h2>\t\t\t\t<\/div>\n\t\t\t\t<\/div>\n\t\t\t\t\t<\/div>\n\t\t<\/div>\n\t\t\t\t\t<\/div>\n\t\t<\/section>\n\t\t\t\t<section class=\"elementor-section elementor-top-section elementor-element elementor-element-4883b6d elementor-section-boxed elementor-section-height-default elementor-section-height-default\" data-id=\"4883b6d\" data-element_type=\"section\" data-e-type=\"section\">\n\t\t\t\t\t\t<div class=\"elementor-container elementor-column-gap-default\">\n\t\t\t\t\t<div class=\"elementor-column elementor-col-100 elementor-top-column elementor-element elementor-element-c936396\" data-id=\"c936396\" data-element_type=\"column\" data-e-type=\"column\">\n\t\t\t<div class=\"elementor-widget-wrap elementor-element-populated\">\n\t\t\t\t\t\t<div class=\"elementor-element elementor-element-51661256 elementor-widget elementor-widget-homey_elementor_space\" data-id=\"51661256\" data-element_type=\"widget\" data-e-type=\"widget\" data-widget_type=\"homey_elementor_space.default\">\n\t\t\t\t<div class=\"elementor-widget-container\">\n\t\t\t\t\t<div style=\"clear:both; width:100%; height:50px\"><\/div>\t\t\t\t<\/div>\n\t\t\t\t<\/div>\n\t\t\t\t\t<\/div>\n\t\t<\/div>\n\t\t\t\t\t<\/div>\n\t\t<\/section>\n\t\t\t\t<section class=\"elementor-section elementor-top-section elementor-element elementor-element-a835304 elementor-section-boxed elementor-section-height-default elementor-section-height-default\" data-id=\"a835304\" data-element_type=\"section\" data-e-type=\"section\">\n\t\t\t\t\t\t<div class=\"elementor-container elementor-column-gap-extended\">\n\t\t\t\t\t<div class=\"elementor-column elementor-col-50 elementor-top-column elementor-element elementor-element-184d222\" data-id=\"184d222\" data-element_type=\"column\" data-e-type=\"column\">\n\t\t\t<div class=\"elementor-widget-wrap elementor-element-populated\">\n\t\t\t\t\t\t<div class=\"elementor-element elementor-element-0afa8ea elementor-grid-1 elementor-grid-tablet-2 elementor-grid-mobile-1 elementor-posts--thumbnail-top elementor-widget elementor-widget-posts\" data-id=\"0afa8ea\" data-element_type=\"widget\" data-e-type=\"widget\" data-settings=\"{&quot;classic_columns&quot;:&quot;1&quot;,&quot;classic_columns_tablet&quot;:&quot;2&quot;,&quot;classic_columns_mobile&quot;:&quot;1&quot;,&quot;classic_row_gap&quot;:{&quot;unit&quot;:&quot;px&quot;,&quot;size&quot;:35,&quot;sizes&quot;:[]},&quot;classic_row_gap_tablet&quot;:{&quot;unit&quot;:&quot;px&quot;,&quot;size&quot;:&quot;&quot;,&quot;sizes&quot;:[]},&quot;classic_row_gap_mobile&quot;:{&quot;unit&quot;:&quot;px&quot;,&quot;size&quot;:&quot;&quot;,&quot;sizes&quot;:[]}}\" data-widget_type=\"posts.classic\">\n\t\t\t\t<div class=\"elementor-widget-container\">\n\t\t\t\t\t\t\t<div class=\"elementor-posts-container elementor-posts elementor-posts--skin-classic elementor-grid\" role=\"list\">\n\t\t\t\t<article class=\"elementor-post elementor-grid-item post-7410 post type-post status-publish format-standard has-post-thumbnail hentry category-nomadas-digitais category-trabalhadores-remotos tag-nomadas-digitais tag-trabalho-a-distancia\" role=\"listitem\">\n\t\t\t\t<a class=\"elementor-post__thumbnail__link\" href=\"https:\/\/nomads.az.pt\/pt-pt\/2023\/04\/15\/respiracao-da-vida-em-casas-de-ferias-e-negocios-relacionados-com-o-turismo-durante-a-epoca-baixa-nas-ilhas-dos-acores\/\" tabindex=\"-1\" >\n\t\t\t<div class=\"elementor-post__thumbnail\"><img fetchpriority=\"high\" decoding=\"async\" width=\"768\" height=\"576\" src=\"https:\/\/nomads.az.pt\/wp-content\/uploads\/2023\/04\/IMG_3402-768x576.jpg\" class=\"attachment-medium_large size-medium_large wp-image-6734\" alt=\"\" srcset=\"https:\/\/nomads.az.pt\/wp-content\/uploads\/2023\/04\/IMG_3402-768x576.jpg 768w, https:\/\/nomads.az.pt\/wp-content\/uploads\/2023\/04\/IMG_3402-300x225.jpg 300w, https:\/\/nomads.az.pt\/wp-content\/uploads\/2023\/04\/IMG_3402-1024x768.jpg 1024w, https:\/\/nomads.az.pt\/wp-content\/uploads\/2023\/04\/IMG_3402-1536x1152.jpg 1536w, https:\/\/nomads.az.pt\/wp-content\/uploads\/2023\/04\/IMG_3402-2048x1536.jpg 2048w, https:\/\/nomads.az.pt\/wp-content\/uploads\/2023\/04\/IMG_3402-667x500.jpg 667w\" sizes=\"(max-width: 768px) 100vw, 768px\" \/><\/div>\n\t\t<\/a>\n\t\t\t\t<div class=\"elementor-post__text\">\n\t\t\t\t<h3 class=\"elementor-post__title\">\n\t\t\t<a href=\"https:\/\/nomads.az.pt\/pt-pt\/2023\/04\/15\/respiracao-da-vida-em-casas-de-ferias-e-negocios-relacionados-com-o-turismo-durante-a-epoca-baixa-nas-ilhas-dos-acores\/\" >\n\t\t\t\tRespira\u00e7\u00e3o da Vida em Casas de F\u00e9rias e Neg\u00f3cios Relacionados com o Turismo durante a \u00c9poca Baixa nas Ilhas dos A\u00e7ores\t\t\t<\/a>\n\t\t<\/h3>\n\t\t\t\t<div class=\"elementor-post__meta-data\">\n\t\t\t\t\t<span class=\"elementor-post-date\">\n\t\t\t15 de Abril, 2023\t\t<\/span>\n\t\t\t\t<span class=\"elementor-post-avatar\">\n\t\t\tSem coment\u00e1rios\t\t<\/span>\n\t\t\t\t<\/div>\n\t\t\t\t<div class=\"elementor-post__excerpt\">\n\t\t\t\t\t<\/div>\n\t\t\n\t\t<a class=\"elementor-post__read-more\" href=\"https:\/\/nomads.az.pt\/pt-pt\/2023\/04\/15\/respiracao-da-vida-em-casas-de-ferias-e-negocios-relacionados-com-o-turismo-durante-a-epoca-baixa-nas-ilhas-dos-acores\/\" aria-label=\"Read more about Respira\u00e7\u00e3o da Vida em Casas de F\u00e9rias e Neg\u00f3cios Relacionados com o Turismo durante a \u00c9poca Baixa nas Ilhas dos A\u00e7ores\" tabindex=\"-1\" >\n\t\t\tRead More\t\t<\/a>\n\n\t\t\t\t<\/div>\n\t\t\t\t<\/article>\n\t\t\t\t<\/div>\n\t\t\n\t\t\t\t\t\t<\/div>\n\t\t\t\t<\/div>\n\t\t\t\t\t<\/div>\n\t\t<\/div>\n\t\t\t\t<div class=\"elementor-column elementor-col-50 elementor-top-column elementor-element elementor-element-f857740\" data-id=\"f857740\" data-element_type=\"column\" data-e-type=\"column\">\n\t\t\t<div class=\"elementor-widget-wrap elementor-element-populated\">\n\t\t\t\t\t\t<div class=\"elementor-element elementor-element-1aedad5 elementor-widget elementor-widget-sidebar\" data-id=\"1aedad5\" data-element_type=\"widget\" data-e-type=\"widget\" data-widget_type=\"sidebar.default\">\n\t\t\t\t<div class=\"elementor-widget-container\">\n\t\t\t\t\t<div id=\"search-1\" class=\"widget widget_search\"><div class=\"widget-top\"><h3 class=\"widget-title\">Search<\/h3><\/div><form role=\"search\" method=\"get\" id=\"searchform\" class=\"searchform\" action=\"https:\/\/nomads.az.pt\/pt-pt\/\">\n\t<div>\n\t\t<input value=\"\" name=\"s\" id=\"s\" type=\"text\" placeholder=\"Search\">\n\t\t<button type=\"submit\"><\/button>\n\t<\/div>\n<\/form><\/div><div id=\"homey_latest_posts-1\" class=\"widget widget-latest-posts\"><div class=\"widget-top\"><h3 class=\"widget-title\">Latest Posts<\/h3><\/div>            \n                        \n\n\t\t\t<div class=\"widget-body\">\n\n\t\t\t\t\t\t\t\t\n\t\t\t\t\t<div class=\"item-list-view\">\n\t\t\t            <div class=\"media property-item\">\n\t\t\t                <div class=\"media-left\">\n\t\t\t                    <div class=\"item-media item-media-thumb\">\n\n\t\t\t                        <a href=\"https:\/\/nomads.az.pt\/pt-pt\/2023\/04\/15\/respiracao-da-vida-em-casas-de-ferias-e-negocios-relacionados-com-o-turismo-durante-a-epoca-baixa-nas-ilhas-dos-acores\/\">\n\t\t\t                        \t<img decoding=\"async\" width=\"120\" height=\"80\" src=\"https:\/\/nomads.az.pt\/wp-content\/uploads\/2023\/04\/IMG_3402-120x80.jpg\" class=\"img-responsive wp-post-image\" alt=\"\" srcset=\"https:\/\/nomads.az.pt\/wp-content\/uploads\/2023\/04\/IMG_3402-120x80.jpg 120w, https:\/\/nomads.az.pt\/wp-content\/uploads\/2023\/04\/IMG_3402-450x300.jpg 450w, https:\/\/nomads.az.pt\/wp-content\/uploads\/2023\/04\/IMG_3402-1140x760.jpg 1140w\" sizes=\"(max-width: 120px) 100vw, 120px\" \/>\t\t\t                        <\/a>\n\t\t\t                    <\/div>\n\t\t\t                <\/div>\n\t\t\t                <div class=\"media-body item-body clearfix\">\n\t\t\t                    <div class=\"item-title-head\">\n\t\t\t                        <div class=\"title-head-left\">\n\t\t\t                            <h2 class=\"title\"><a href=\"https:\/\/nomads.az.pt\/pt-pt\/2023\/04\/15\/respiracao-da-vida-em-casas-de-ferias-e-negocios-relacionados-com-o-turismo-durante-a-epoca-baixa-nas-ilhas-dos-acores\/\">Respira\u00e7\u00e3o da Vida em Casas de F\u00e9rias e Neg\u00f3cios Relacionados com o Turismo durante a \u00c9poca Baixa nas Ilhas dos A\u00e7ores<\/a><\/h2>\n\t\t\t                            <i class=\"fa fa-calendar-o\"><\/i> 3 anos ago\t\t\t                            <span class=\"post-author\">\n\t\t\t                            \tby \n\t\t\t                            \t<a href=\"https:\/\/nomads.az.pt\/pt-pt\/author\/roberto\/\">Roberto Lino<\/a>\n\t\t\t                        \t<\/span>\n\t\t\t                        <\/div>\n\t\t\t                    <\/div>\n\t\t\t                    <p> <a href=\"https:\/\/nomads.az.pt\/pt-pt\/2023\/04\/15\/respiracao-da-vida-em-casas-de-ferias-e-negocios-relacionados-com-o-turismo-durante-a-epoca-baixa-nas-ilhas-dos-acores\/\">Read More<\/a><\/p>\n\t\t\t                <\/div>\n\t\t\t            <\/div>\n\t\t\t        <\/div><!-- .item-wrap -->\n\n\n\t\t\t\t\t\t\t\t\n\t\t\t\t\t\t\t\t\n\t\t\t<\/div>\n\n\n\t    <\/div><div id=\"homey_latest_comments-1\" class=\"widget widget-latest-comments\"><div class=\"widget-top\"><h3 class=\"widget-title\">Latest Comments<\/h3><\/div>\r\n            <div class=\"widget-body\">\r\n                        <\/div>\r\n\r\n\r\n<\/div>\t\t\t\t<\/div>\n\t\t\t\t<\/div>\n\t\t\t\t\t<\/div>\n\t\t<\/div>\n\t\t\t\t\t<\/div>\n\t\t<\/section>\n\t\t\t\t<section class=\"elementor-section elementor-top-section elementor-element elementor-element-a020b02 elementor-section-boxed elementor-section-height-default elementor-section-height-default\" data-id=\"a020b02\" data-element_type=\"section\" data-e-type=\"section\">\n\t\t\t\t\t\t<div class=\"elementor-container elementor-column-gap-default\">\n\t\t\t\t\t<div class=\"elementor-column elementor-col-100 elementor-top-column elementor-element elementor-element-cb47892\" data-id=\"cb47892\" data-element_type=\"column\" data-e-type=\"column\">\n\t\t\t<div class=\"elementor-widget-wrap elementor-element-populated\">\n\t\t\t\t\t\t<div class=\"elementor-element elementor-element-e59eeb1 elementor-widget elementor-widget-homey_elementor_space\" data-id=\"e59eeb1\" data-element_type=\"widget\" data-e-type=\"widget\" data-widget_type=\"homey_elementor_space.default\">\n\t\t\t\t<div class=\"elementor-widget-container\">\n\t\t\t\t\t<div style=\"clear:both; width:100%; height:50px\"><\/div>\t\t\t\t<\/div>\n\t\t\t\t<\/div>\n\t\t\t\t\t<\/div>\n\t\t<\/div>\n\t\t\t\t\t<\/div>\n\t\t<\/section>\n\t\t\t\t<\/div>\n\t\t","protected":false},"excerpt":{"rendered":"","protected":false},"author":2,"featured_media":0,"parent":0,"menu_order":0,"comment_status":"closed","ping_status":"closed","template":"elementor_header_footer","meta":{"_acf_changed":false,"_themeisle_gutenberg_block_has_review":false,"footnotes":""},"class_list":["post-7270","page","type-page","status-publish","hentry"],"acf":[],"yoast_head":"<!-- This site is optimized with the Yoast SEO plugin v27.3 - https:\/\/yoast.com\/product\/yoast-seo-wordpress\/ -->\n<title>Blog dos N\u00f3madas - Nomads.az.pt<\/title>\n<meta name=\"robots\" content=\"index, follow, max-snippet:-1, max-image-preview:large, max-video-preview:-1\" \/>\n<link rel=\"canonical\" href=\"https:\/\/nomads.az.pt\/pt-pt\/blog-dos-nomadas\/\" \/>\n<meta property=\"og:locale\" content=\"pt_PT\" \/>\n<meta property=\"og:type\" content=\"article\" \/>\n<meta property=\"og:title\" content=\"Blog dos N\u00f3madas - Nomads.az.pt\" \/>\n<meta property=\"og:url\" content=\"https:\/\/nomads.az.pt\/pt-pt\/blog-dos-nomadas\/\" \/>\n<meta property=\"og:site_name\" content=\"Nomads.az.pt\" \/>\n<meta name=\"twitter:card\" content=\"summary_large_image\" \/>\n<script type=\"application\/ld+json\" class=\"yoast-schema-graph\">{\"@context\":\"https:\\\/\\\/schema.org\",\"@graph\":[{\"@type\":\"WebPage\",\"@id\":\"https:\\\/\\\/nomads.az.pt\\\/pt-pt\\\/blog-dos-nomadas\\\/\",\"url\":\"https:\\\/\\\/nomads.az.pt\\\/pt-pt\\\/blog-dos-nomadas\\\/\",\"name\":\"Blog dos N\u00f3madas - Nomads.az.pt\",\"isPartOf\":{\"@id\":\"https:\\\/\\\/nomads.az.pt\\\/pt-pt\\\/#website\"},\"datePublished\":\"2023-04-03T15:22:26+00:00\",\"breadcrumb\":{\"@id\":\"https:\\\/\\\/nomads.az.pt\\\/pt-pt\\\/blog-dos-nomadas\\\/#breadcrumb\"},\"inLanguage\":\"pt-PT\",\"potentialAction\":[{\"@type\":\"ReadAction\",\"target\":[\"https:\\\/\\\/nomads.az.pt\\\/pt-pt\\\/blog-dos-nomadas\\\/\"]}]},{\"@type\":\"BreadcrumbList\",\"@id\":\"https:\\\/\\\/nomads.az.pt\\\/pt-pt\\\/blog-dos-nomadas\\\/#breadcrumb\",\"itemListElement\":[{\"@type\":\"ListItem\",\"position\":1,\"name\":\"Home\",\"item\":\"https:\\\/\\\/nomads.az.pt\\\/pt-pt\\\/?page_id=7486\"},{\"@type\":\"ListItem\",\"position\":2,\"name\":\"Blog dos N\u00f3madas\"}]},{\"@type\":\"WebSite\",\"@id\":\"https:\\\/\\\/nomads.az.pt\\\/pt-pt\\\/#website\",\"url\":\"https:\\\/\\\/nomads.az.pt\\\/pt-pt\\\/\",\"name\":\"Nomads.AZ.PT\",\"description\":\"Azores Islands Remote Work for Digital Nomads\",\"potentialAction\":[{\"@type\":\"SearchAction\",\"target\":{\"@type\":\"EntryPoint\",\"urlTemplate\":\"https:\\\/\\\/nomads.az.pt\\\/pt-pt\\\/?s={search_term_string}\"},\"query-input\":{\"@type\":\"PropertyValueSpecification\",\"valueRequired\":true,\"valueName\":\"search_term_string\"}}],\"inLanguage\":\"pt-PT\"}]}<\/script>\n<!-- \/ Yoast SEO plugin. -->","yoast_head_json":{"title":"Blog dos N\u00f3madas - Nomads.az.pt","robots":{"index":"index","follow":"follow","max-snippet":"max-snippet:-1","max-image-preview":"max-image-preview:large","max-video-preview":"max-video-preview:-1"},"canonical":"https:\/\/nomads.az.pt\/pt-pt\/blog-dos-nomadas\/","og_locale":"pt_PT","og_type":"article","og_title":"Blog dos N\u00f3madas - Nomads.az.pt","og_url":"https:\/\/nomads.az.pt\/pt-pt\/blog-dos-nomadas\/","og_site_name":"Nomads.az.pt","twitter_card":"summary_large_image","schema":{"@context":"https:\/\/schema.org","@graph":[{"@type":"WebPage","@id":"https:\/\/nomads.az.pt\/pt-pt\/blog-dos-nomadas\/","url":"https:\/\/nomads.az.pt\/pt-pt\/blog-dos-nomadas\/","name":"Blog dos N\u00f3madas - Nomads.az.pt","isPartOf":{"@id":"https:\/\/nomads.az.pt\/pt-pt\/#website"},"datePublished":"2023-04-03T15:22:26+00:00","breadcrumb":{"@id":"https:\/\/nomads.az.pt\/pt-pt\/blog-dos-nomadas\/#breadcrumb"},"inLanguage":"pt-PT","potentialAction":[{"@type":"ReadAction","target":["https:\/\/nomads.az.pt\/pt-pt\/blog-dos-nomadas\/"]}]},{"@type":"BreadcrumbList","@id":"https:\/\/nomads.az.pt\/pt-pt\/blog-dos-nomadas\/#breadcrumb","itemListElement":[{"@type":"ListItem","position":1,"name":"Home","item":"https:\/\/nomads.az.pt\/pt-pt\/?page_id=7486"},{"@type":"ListItem","position":2,"name":"Blog dos N\u00f3madas"}]},{"@type":"WebSite","@id":"https:\/\/nomads.az.pt\/pt-pt\/#website","url":"https:\/\/nomads.az.pt\/pt-pt\/","name":"Nomads.AZ.PT","description":"Azores Islands Remote Work for Digital Nomads","potentialAction":[{"@type":"SearchAction","target":{"@type":"EntryPoint","urlTemplate":"https:\/\/nomads.az.pt\/pt-pt\/?s={search_term_string}"},"query-input":{"@type":"PropertyValueSpecification","valueRequired":true,"valueName":"search_term_string"}}],"inLanguage":"pt-PT"}]}},"_links":{"self":[{"href":"https:\/\/nomads.az.pt\/pt-pt\/wp-json\/wp\/v2\/pages\/7270","targetHints":{"allow":["GET"]}}],"collection":[{"href":"https:\/\/nomads.az.pt\/pt-pt\/wp-json\/wp\/v2\/pages"}],"about":[{"href":"https:\/\/nomads.az.pt\/pt-pt\/wp-json\/wp\/v2\/types\/page"}],"author":[{"embeddable":true,"href":"https:\/\/nomads.az.pt\/pt-pt\/wp-json\/wp\/v2\/users\/2"}],"replies":[{"embeddable":true,"href":"https:\/\/nomads.az.pt\/pt-pt\/wp-json\/wp\/v2\/comments?post=7270"}],"version-history":[{"count":0,"href":"https:\/\/nomads.az.pt\/pt-pt\/wp-json\/wp\/v2\/pages\/7270\/revisions"}],"wp:attachment":[{"href":"https:\/\/nomads.az.pt\/pt-pt\/wp-json\/wp\/v2\/media?parent=7270"}],"curies":[{"name":"wp","href":"https:\/\/api.w.org\/{rel}","templated":true}]}}